{"id":1356,"date":"2021-12-14T11:30:21","date_gmt":"2021-12-14T10:30:21","guid":{"rendered":"https:\/\/nervous-knuth.46-231-200-39.plesk.page\/evenements\/referate\/"},"modified":"2022-07-11T08:53:05","modified_gmt":"2022-07-11T06:53:05","slug":"conferences","status":"publish","type":"page","link":"https:\/\/libera.ch\/fr\/evenements\/conferences\/","title":{"rendered":"Conf\u00e9rences"},"content":{"rendered":"\n<p>Nos experts en caisses de pension et nos sp\u00e9cialistes font des expos\u00e9s sur des th\u00e8mes actuels et passionnants lors des manifestations suivantes :<\/p>\n\n\n\n<h2 class=\"wp-block-heading\" id=\"aktuelle-veranstaltungen\">\u00c9v\u00e9nement actuel:<\/h2>\n\n\n\n<figure class=\"wp-block-table is-style-stripes\"><table><thead><tr><th>Date<\/th><th>Lieu<\/th><th>\u00c9v\u00e9nement<\/th><th>Intervenant<\/th><th>Sujet<\/th><\/tr><\/thead><tbody><tr><td>08.\/09.06.22<\/td><td>Z\u00fcrich<\/td><td>Salon professionnel 2e pilier\/ Symposium de Pr\u00e9voyance<\/td><td>Kate Kristovic<\/td><td>R\u00e9partition des fonds libres \/ mod\u00e8les de participation<\/td><\/tr><tr><td>05.07.22<\/td><td>Olten<\/td><td>Formation continue ASIP<\/td><td>Dr. Matthias Wiedmer<\/td><td>Volet engagement &#8211; Utilisation responsable des fonds libres<\/td><\/tr><tr><td>22-24.08.22<\/td><td>Ermatingen<\/td><td>S\u00e9minaire CACP<\/td><td>Kate Kristovic<\/td><td>Que signifient les r\u00e9formes de l&#8217;AVS et de la LPP pour les caisses de pension?<\/td><\/tr><tr><td>24.-26.08.22<\/td><td>Ermatingen<\/td><td>S\u00e9minaire CACP<\/td><td>Kate Kristovic<\/td><td>Que signifient les r\u00e9formes de l&#8217;AVS et de la LPP pour les caisses de pension?<\/td><\/tr><tr><td>25.10.22<\/td><td>Z\u00fcrich<\/td><td>Formation continue ASIP<\/td><td>Dr. Matthias Wiedmer<\/td><td>Volet engagement &#8211; Utilisation responsable des fonds libres<\/td><\/tr><\/tbody><\/table><\/figure>\n\n\n                <\/div>\r\n            <\/article>\r\n        <\/div>\r\n    <\/div>\r\n<\/div>\r\n<div id=\"ais-block_6183f72522a53\" class=\"ais-block ais-block-contactinfo m-0 \"  >\r\n    <div class=\"container ais-contactinfo-top\">\r\n        <div class=\"row p-0\">\r\n            <div class=\"col-md-12\">\r\n                <div class=\"row\">\r\n                                                    <div class=\"offset-md-2 col-md-8 mt-5 mt-md-0 mb-5\">\r\n                        <div class=\" ais-bg-white shadow ais-color-blue\">\r\n                            <div class=\"d-flex justify-content-center\">\r\n                                <img decoding=\"async\" class=\"\" src=\"https:\/\/libera.ch\/wp-content\/uploads\/2022\/03\/Ueber-uns_Kontakt-860x490.jpg\" alt=\"\">\r\n                            <\/div>\r\n                            <div class=\"ais-block-contactinfo-text p-4 pb-5 ais-same-height-contactinfo-box\">\r\n                                <h3 class=\"ais-fs-50 ais-same-height-contactinfo-title\">Contact<\/h3>\r\n                                <span class=\"d-block ais-fs-25\"><\/span>\r\n                                <div class=\"ais-fs-50\">\r\n                                                                                                        <\/div>\r\n                                <div class=\"mt-3 ais-fs-25 ais-same-height-contactinfo-desc\">Vous souhaitez r\u00e9server nos experts techniques pour votre \u00e9v\u00e9nement ou vous avez des questions ? Nous sommes \u00e0 votre disposition.<\/div>\r\n                                                                <a class=\"ais-button ais-bg-blue text-white text-decoration-none ais-fs-26 ais-ff-nunitosans-regular\" target=\"\" href=\"https:\/\/libera.ch\/fr\/contact\/\">Prendre contact<\/a>\r\n                                                            <\/div>\r\n                        <\/div>\r\n                    <\/div>\r\n                            <\/div>\r\n            <\/div>\r\n        <\/div>\r\n    <\/div>\r\n\r\n    <div class=\"container-fluid ais-contactinfo-bottom d-flex align-items-end justify-content-center shadow\" style=\"background-color: #28386a\"><\/div>\r\n<\/div>\r\n<div class=\"container\">\r\n    <div class=\"row\">\r\n        <div class=\"col-lg-12\">\r\n            <article class=\"page type-page status-publish hentry\">\r\n                <div class=\"entry-content\">\r\n\r\n","protected":false},"excerpt":{"rendered":"<p>Nos experts en caisses de pension et nos sp\u00e9cialistes font des expos\u00e9s sur des th\u00e8mes actuels et passionnants lors des manifestations suivantes : \u00c9v\u00e9nement actuel: Date Lieu \u00c9v\u00e9nement Intervenant Sujet 08.\/09.06.22 Z\u00fcrich Salon professionnel 2e pilier\/ Symposium de Pr\u00e9voyance Kate Kristovic R\u00e9partition des fonds libres \/ mod\u00e8les de participation 05.07.22 Olten Formation continue ASIP Dr. [&hellip;]<\/p>\n","protected":false},"author":13,"featured_media":0,"parent":1350,"menu_order":0,"comment_status":"closed","ping_status":"closed","template":"","meta":{"_acf_changed":false,"inline_featured_image":false,"footnotes":""},"class_list":["post-1356","page","type-page","status-publish","hentry"],"acf":[],"yoast_head":"<!-- This site is optimized with the Yoast SEO plugin v27.3 - https:\/\/yoast.com\/product\/yoast-seo-wordpress\/ -->\n<title>Expos\u00e9s &amp; conf\u00e9rences | Libera AG<\/title>\n<meta name=\"description\" content=\"Les experts en caisses de pension de Libera AG donnent des conf\u00e9rences sur diff\u00e9rents th\u00e8mes lors de diverses manifestations.\" \/>\n<meta name=\"robots\" content=\"index, follow, max-snippet:-1, max-image-preview:large, max-video-preview:-1\" \/>\n<link rel=\"canonical\" href=\"https:\/\/libera.ch\/fr\/evenements\/conferences\/\" \/>\n<meta property=\"og:locale\" content=\"fr_FR\" \/>\n<meta property=\"og:type\" content=\"article\" \/>\n<meta property=\"og:title\" content=\"Expos\u00e9s &amp; conf\u00e9rences | Libera AG\" \/>\n<meta property=\"og:description\" content=\"Les experts en caisses de pension de Libera AG donnent des conf\u00e9rences sur diff\u00e9rents th\u00e8mes lors de diverses manifestations.\" \/>\n<meta property=\"og:url\" content=\"https:\/\/libera.ch\/fr\/evenements\/conferences\/\" \/>\n<meta property=\"og:site_name\" content=\"Libera\" \/>\n<meta property=\"article:modified_time\" content=\"2022-07-11T06:53:05+00:00\" \/>\n<meta name=\"twitter:card\" content=\"summary_large_image\" \/>\n<meta name=\"twitter:label1\" content=\"Est. reading time\" \/>\n\t<meta name=\"twitter:data1\" content=\"1 minute\" \/>\n<script type=\"application\/ld+json\" class=\"yoast-schema-graph\">{\"@context\":\"https:\\\/\\\/schema.org\",\"@graph\":[{\"@type\":\"WebPage\",\"@id\":\"https:\\\/\\\/libera.ch\\\/fr\\\/evenements\\\/conferences\\\/\",\"url\":\"https:\\\/\\\/libera.ch\\\/fr\\\/evenements\\\/conferences\\\/\",\"name\":\"Expos\u00e9s & conf\u00e9rences | Libera AG\",\"isPartOf\":{\"@id\":\"https:\\\/\\\/libera.ch\\\/fr\\\/#website\"},\"datePublished\":\"2021-12-14T10:30:21+00:00\",\"dateModified\":\"2022-07-11T06:53:05+00:00\",\"description\":\"Les experts en caisses de pension de Libera AG donnent des conf\u00e9rences sur diff\u00e9rents th\u00e8mes lors de diverses manifestations.\",\"breadcrumb\":{\"@id\":\"https:\\\/\\\/libera.ch\\\/fr\\\/evenements\\\/conferences\\\/#breadcrumb\"},\"inLanguage\":\"fr-FR\",\"potentialAction\":[{\"@type\":\"ReadAction\",\"target\":[\"https:\\\/\\\/libera.ch\\\/fr\\\/evenements\\\/conferences\\\/\"]}]},{\"@type\":\"BreadcrumbList\",\"@id\":\"https:\\\/\\\/libera.ch\\\/fr\\\/evenements\\\/conferences\\\/#breadcrumb\",\"itemListElement\":[{\"@type\":\"ListItem\",\"position\":1,\"name\":\"Home\",\"item\":\"https:\\\/\\\/libera.ch\\\/fr\\\/\"},{\"@type\":\"ListItem\",\"position\":2,\"name\":\"\u00c9v\u00e9nements\",\"item\":\"https:\\\/\\\/libera.ch\\\/fr\\\/evenements\\\/\"},{\"@type\":\"ListItem\",\"position\":3,\"name\":\"Conf\u00e9rences\"}]},{\"@type\":\"WebSite\",\"@id\":\"https:\\\/\\\/libera.ch\\\/fr\\\/#website\",\"url\":\"https:\\\/\\\/libera.ch\\\/fr\\\/\",\"name\":\"Libera\",\"description\":\"\",\"publisher\":{\"@id\":\"https:\\\/\\\/libera.ch\\\/fr\\\/#organization\"},\"potentialAction\":[{\"@type\":\"SearchAction\",\"target\":{\"@type\":\"EntryPoint\",\"urlTemplate\":\"https:\\\/\\\/libera.ch\\\/fr\\\/?s={search_term_string}\"},\"query-input\":{\"@type\":\"PropertyValueSpecification\",\"valueRequired\":true,\"valueName\":\"search_term_string\"}}],\"inLanguage\":\"fr-FR\"},{\"@type\":\"Organization\",\"@id\":\"https:\\\/\\\/libera.ch\\\/fr\\\/#organization\",\"name\":\"Libera AG\",\"url\":\"https:\\\/\\\/libera.ch\\\/fr\\\/\",\"logo\":{\"@type\":\"ImageObject\",\"inLanguage\":\"fr-FR\",\"@id\":\"https:\\\/\\\/libera.ch\\\/fr\\\/#\\\/schema\\\/logo\\\/image\\\/\",\"url\":\"https:\\\/\\\/libera.ch\\\/wp-content\\\/uploads\\\/2022\\\/06\\\/logo_de.svg\",\"contentUrl\":\"https:\\\/\\\/libera.ch\\\/wp-content\\\/uploads\\\/2022\\\/06\\\/logo_de.svg\",\"width\":273,\"height\":79,\"caption\":\"Libera AG\"},\"image\":{\"@id\":\"https:\\\/\\\/libera.ch\\\/fr\\\/#\\\/schema\\\/logo\\\/image\\\/\"},\"sameAs\":[\"https:\\\/\\\/ch.linkedin.com\\\/company\\\/libera-ag\"]}]}<\/script>\n<!-- \/ Yoast SEO plugin. -->","yoast_head_json":{"title":"Expos\u00e9s & conf\u00e9rences | Libera AG","description":"Les experts en caisses de pension de Libera AG donnent des conf\u00e9rences sur diff\u00e9rents th\u00e8mes lors de diverses manifestations.","robots":{"index":"index","follow":"follow","max-snippet":"max-snippet:-1","max-image-preview":"max-image-preview:large","max-video-preview":"max-video-preview:-1"},"canonical":"https:\/\/libera.ch\/fr\/evenements\/conferences\/","og_locale":"fr_FR","og_type":"article","og_title":"Expos\u00e9s & conf\u00e9rences | Libera AG","og_description":"Les experts en caisses de pension de Libera AG donnent des conf\u00e9rences sur diff\u00e9rents th\u00e8mes lors de diverses manifestations.","og_url":"https:\/\/libera.ch\/fr\/evenements\/conferences\/","og_site_name":"Libera","article_modified_time":"2022-07-11T06:53:05+00:00","twitter_card":"summary_large_image","twitter_misc":{"Est. reading time":"1 minute"},"schema":{"@context":"https:\/\/schema.org","@graph":[{"@type":"WebPage","@id":"https:\/\/libera.ch\/fr\/evenements\/conferences\/","url":"https:\/\/libera.ch\/fr\/evenements\/conferences\/","name":"Expos\u00e9s & conf\u00e9rences | Libera AG","isPartOf":{"@id":"https:\/\/libera.ch\/fr\/#website"},"datePublished":"2021-12-14T10:30:21+00:00","dateModified":"2022-07-11T06:53:05+00:00","description":"Les experts en caisses de pension de Libera AG donnent des conf\u00e9rences sur diff\u00e9rents th\u00e8mes lors de diverses manifestations.","breadcrumb":{"@id":"https:\/\/libera.ch\/fr\/evenements\/conferences\/#breadcrumb"},"inLanguage":"fr-FR","potentialAction":[{"@type":"ReadAction","target":["https:\/\/libera.ch\/fr\/evenements\/conferences\/"]}]},{"@type":"BreadcrumbList","@id":"https:\/\/libera.ch\/fr\/evenements\/conferences\/#breadcrumb","itemListElement":[{"@type":"ListItem","position":1,"name":"Home","item":"https:\/\/libera.ch\/fr\/"},{"@type":"ListItem","position":2,"name":"\u00c9v\u00e9nements","item":"https:\/\/libera.ch\/fr\/evenements\/"},{"@type":"ListItem","position":3,"name":"Conf\u00e9rences"}]},{"@type":"WebSite","@id":"https:\/\/libera.ch\/fr\/#website","url":"https:\/\/libera.ch\/fr\/","name":"Libera","description":"","publisher":{"@id":"https:\/\/libera.ch\/fr\/#organization"},"potentialAction":[{"@type":"SearchAction","target":{"@type":"EntryPoint","urlTemplate":"https:\/\/libera.ch\/fr\/?s={search_term_string}"},"query-input":{"@type":"PropertyValueSpecification","valueRequired":true,"valueName":"search_term_string"}}],"inLanguage":"fr-FR"},{"@type":"Organization","@id":"https:\/\/libera.ch\/fr\/#organization","name":"Libera AG","url":"https:\/\/libera.ch\/fr\/","logo":{"@type":"ImageObject","inLanguage":"fr-FR","@id":"https:\/\/libera.ch\/fr\/#\/schema\/logo\/image\/","url":"https:\/\/libera.ch\/wp-content\/uploads\/2022\/06\/logo_de.svg","contentUrl":"https:\/\/libera.ch\/wp-content\/uploads\/2022\/06\/logo_de.svg","width":273,"height":79,"caption":"Libera AG"},"image":{"@id":"https:\/\/libera.ch\/fr\/#\/schema\/logo\/image\/"},"sameAs":["https:\/\/ch.linkedin.com\/company\/libera-ag"]}]}},"_links":{"self":[{"href":"https:\/\/libera.ch\/fr\/wp-json\/wp\/v2\/pages\/1356","targetHints":{"allow":["GET"]}}],"collection":[{"href":"https:\/\/libera.ch\/fr\/wp-json\/wp\/v2\/pages"}],"about":[{"href":"https:\/\/libera.ch\/fr\/wp-json\/wp\/v2\/types\/page"}],"author":[{"embeddable":true,"href":"https:\/\/libera.ch\/fr\/wp-json\/wp\/v2\/users\/13"}],"replies":[{"embeddable":true,"href":"https:\/\/libera.ch\/fr\/wp-json\/wp\/v2\/comments?post=1356"}],"version-history":[{"count":9,"href":"https:\/\/libera.ch\/fr\/wp-json\/wp\/v2\/pages\/1356\/revisions"}],"predecessor-version":[{"id":4312,"href":"https:\/\/libera.ch\/fr\/wp-json\/wp\/v2\/pages\/1356\/revisions\/4312"}],"up":[{"embeddable":true,"href":"https:\/\/libera.ch\/fr\/wp-json\/wp\/v2\/pages\/1350"}],"wp:attachment":[{"href":"https:\/\/libera.ch\/fr\/wp-json\/wp\/v2\/media?parent=1356"}],"curies":[{"name":"wp","href":"https:\/\/api.w.org\/{rel}","templated":true}]}}