{"id":1364,"date":"2021-11-05T10:47:16","date_gmt":"2021-11-05T09:47:16","guid":{"rendered":"https:\/\/nervous-knuth.46-231-200-39.plesk.page\/ueber-uns\/karriere\/"},"modified":"2026-03-20T13:25:41","modified_gmt":"2026-03-20T12:25:41","slug":"carrieres","status":"publish","type":"page","link":"https:\/\/libera.ch\/fr\/a-propos\/carrieres\/","title":{"rendered":"Carri\u00e8res"},"content":{"rendered":"\n<p>Chez nous, toute personne souhaitant exploiter pleinement son potentiel, se former en tant qu&#8217;experte ou expert en pr\u00e9voyance professionnelle et participer activement \u00e0 la construction de l&#8217;avenir de Libera est la bienvenue!<\/p>\n\n\n\n<h2 class=\"wp-block-heading has-text-align-center\">Postes vacants<\/h2>\n\n\n\r\n<\/div>\r\n<\/article>\r\n<\/div>\r\n<\/div>\r\n<\/div>\r\n<div id=\"ais-block_e939c53a77afec37c399d5551f9d9a06\" class=\"ais-block ais-block-services m-0 ais-pt-40\">\r\n    <div class=\"container\">\r\n        <div class=\"row p-0\">\r\n                <div class=\"ais-slider ais-slider-id-69e309ad6cc4c ais-opacity-0\" data-ais_slider_id=\"69e309ad6cc4c\" data-ais_slider_amount_items=\"3\" data-ais_slider_amount_items_scroll=\"3\" data-ais_slider_arrow=\"1\" data-ais_slider_dots=\"1\" data-ais_slider_auto=\"0\" data-ais_slider_auto_time=\"1000\" data-ais_slider_color=\"#000000\" data-ais_slider_change_style=\"slide\" data-ais_slider_responsive=\"1\">\r\n                                            <div class=\"col-lg-4 col-md-6 col-12 p-2\">\r\n                            <div class=\"ais-single-box bg-white ais-color-blue\">\r\n                                <span class=\"ais-fs-22 ais-color-grey-light\">Zurich \/ B\u00e2le<\/span>\r\n                                <h3 class=\"ais-font-avenir-black ais-fs-37_5 ais_hyphenss ais-same-height-single-service-title\">Candidature spontan\u00e9e Junior Sp\u00e9cialiste en conseil<\/h3>\r\n                                <a class=\"ais-button ais-bg-blue text-white text-decoration-none ais-fs-26\" target=\"_blank\" href=\"https:\/\/libera.ch\/wp-content\/uploads\/2025\/10\/2025-Initiativbewerbung_JuniorFachpersonBeratung.pdf\">lire l&#8217;annonce <\/a>\r\n                            <\/div>\r\n                        <\/div>\r\n                                            <div class=\"col-lg-4 col-md-6 col-12 p-2\">\r\n                            <div class=\"ais-single-box bg-white ais-color-blue\">\r\n                                <span class=\"ais-fs-22 ais-color-grey-light\">Zurich<\/span>\r\n                                <h3 class=\"ais-font-avenir-black ais-fs-37_5 ais_hyphenss ais-same-height-single-service-title\">Responsable du service juridique<\/h3>\r\n                                <a class=\"ais-button ais-bg-blue text-white text-decoration-none ais-fs-26\" target=\"_blank\" href=\"https:\/\/libera.ch\/wp-content\/uploads\/2026\/03\/2026-03_Leitung-Rechtsberatung_ZH.pdf\">lire l&#8217;annonce <\/a>\r\n                            <\/div>\r\n                        <\/div>\r\n                                    <\/div>\r\n        <\/div>\r\n    <\/div>\r\n<\/div>\r\n<div class=\"container\">\r\n    <div class=\"row\">\r\n        <div class=\"col-lg-12\">\r\n            <article class=\"page type-page status-publish hentry\">\r\n                <div class=\"entry-content\">\r\n\n\n\n<h2 class=\"wp-block-heading has-text-align-center\">Votre personne de contact<\/h2>\n\n\n                <\/div>\r\n            <\/article>\r\n        <\/div>\r\n    <\/div>\r\n<\/div>\r\n<div id=\"ais-block_c23a1c45bcbd7184ebc4e300edf51ebd\" class=\"ais-block ais-block-contactinfo m-0 ais-pt-80\"  >\r\n    <div class=\"container ais-contactinfo-top\">\r\n        <div class=\"row p-0\">\r\n            <div class=\"col-md-12\">\r\n                <div class=\"row\">\r\n                                                    <div class=\"offset-md-2 col-md-10 col-12 ais-block-contactinfo-rounded mt-5 mt-md-0 mb-5\">\r\n                        <div class=\"ais-text-holder d-flex position-relative justify-content-center justify-content-md-end justify-content-lg-center ais-bg-white shadow ais-color-blue\">\r\n                            <div class=\"d-flex justify-content-center\">\r\n                                <img decoding=\"async\" class=\"rounded-circle shadow\" src=\"https:\/\/libera.ch\/wp-content\/uploads\/2025\/10\/Rosenberger_Alexandra_web-415x415.jpg\" alt=\"\">\r\n                            <\/div>\r\n                            <div class=\"ais-block-contactinfo-text offset-md-1  col-md-8 p-3 ps-5 pe-5 pe-lg-3\">\r\n                                <h3 class=\"ais-fs-50 \">Alexandra Rosenberger<\/h3>\r\n                                <span class=\"d-block ais-fs-25\">Responsable du personnel<\/span>\r\n                                <div class=\"ais-fs-50\">\r\n                                                                        <span class=\"d-inline-block\"><a class=\"mail-link ais-link-color\" href=\"javascript:;\" data-encoded-email=\"YWxleGFuZHJhLnJvc2VuYmVyZ2VyQGxpYmVyYS5jaA==\"><i class=\"fas fa-envelope-square\"><\/i><\/a><\/span>\r\n                                                                                                            <span class=\"d-inline-block\"><a class=\"ais-link-color\" href=\"tel:0041438177362\"><i class=\"fas fa-phone-square\"><\/i><\/a><\/span>\r\n                                                                    <\/div>\r\n                                <div class=\"mt-3 ais-fs-25 ais-same-height-contactinfo-desc\">Vous avez des questions ? N&#8217;h\u00e9sitez pas \u00e0 nous contacter. <\/div>\r\n                                                                <a class=\"ais-button ais-bg-blue text-white text-decoration-none ais-fs-26 ais-ff-nunitosans-regular\" target=\"\" href=\"https:\/\/libera.ch\/fr\/contact\/\">Contact<\/a>\r\n                                                            <\/div>\r\n                        <\/div>\r\n                    <\/div>\r\n                            <\/div>\r\n            <\/div>\r\n        <\/div>\r\n    <\/div>\r\n\r\n    <div class=\"container-fluid ais-contactinfo-bottom d-flex align-items-end justify-content-center shadow\" style=\"background-color: #28386a\"><\/div>\r\n<\/div>\r\n<div class=\"container\">\r\n    <div class=\"row\">\r\n        <div class=\"col-lg-12\">\r\n            <article class=\"page type-page status-publish hentry\">\r\n                <div class=\"entry-content\">\r\n\r\n","protected":false},"excerpt":{"rendered":"<p>Chez nous, toute personne souhaitant exploiter pleinement son potentiel, se former en tant qu&#8217;experte ou expert en pr\u00e9voyance professionnelle et participer activement \u00e0 la construction de l&#8217;avenir de Libera est la bienvenue! Postes vacants Votre personne de contact<\/p>\n","protected":false},"author":1,"featured_media":0,"parent":1363,"menu_order":0,"comment_status":"closed","ping_status":"closed","template":"","meta":{"_acf_changed":false,"inline_featured_image":false,"footnotes":""},"class_list":["post-1364","page","type-page","status-publish","hentry"],"acf":[],"yoast_head":"<!-- This site is optimized with the Yoast SEO plugin v27.3 - https:\/\/yoast.com\/product\/yoast-seo-wordpress\/ -->\n<title>Carri\u00e8re &amp; Postes \u00e0 pourvoir | Libera AG<\/title>\n<meta name=\"description\" content=\"Vous \u00eates un expert ou une experte dans le domaine de la pr\u00e9voyance professionnelle ou vous souhaitez le devenir ? Bienvenu(e) !\" \/>\n<meta name=\"robots\" content=\"index, follow, max-snippet:-1, max-image-preview:large, max-video-preview:-1\" \/>\n<link rel=\"canonical\" href=\"https:\/\/libera.ch\/fr\/a-propos\/carrieres\/\" \/>\n<meta property=\"og:locale\" content=\"fr_FR\" \/>\n<meta property=\"og:type\" content=\"article\" \/>\n<meta property=\"og:title\" content=\"Carri\u00e8re &amp; Postes \u00e0 pourvoir | Libera AG\" \/>\n<meta property=\"og:description\" content=\"Vous \u00eates un expert ou une experte dans le domaine de la pr\u00e9voyance professionnelle ou vous souhaitez le devenir ? Bienvenu(e) !\" \/>\n<meta property=\"og:url\" content=\"https:\/\/libera.ch\/fr\/a-propos\/carrieres\/\" \/>\n<meta property=\"og:site_name\" content=\"Libera\" \/>\n<meta property=\"article:modified_time\" content=\"2026-03-20T12:25:41+00:00\" \/>\n<meta name=\"twitter:card\" content=\"summary_large_image\" \/>\n<meta name=\"twitter:label1\" content=\"Est. reading time\" \/>\n\t<meta name=\"twitter:data1\" content=\"1 minute\" \/>\n<script type=\"application\/ld+json\" class=\"yoast-schema-graph\">{\"@context\":\"https:\\\/\\\/schema.org\",\"@graph\":[{\"@type\":\"WebPage\",\"@id\":\"https:\\\/\\\/libera.ch\\\/fr\\\/a-propos\\\/carrieres\\\/\",\"url\":\"https:\\\/\\\/libera.ch\\\/fr\\\/a-propos\\\/carrieres\\\/\",\"name\":\"Carri\u00e8re & Postes \u00e0 pourvoir | Libera AG\",\"isPartOf\":{\"@id\":\"https:\\\/\\\/libera.ch\\\/fr\\\/#website\"},\"datePublished\":\"2021-11-05T09:47:16+00:00\",\"dateModified\":\"2026-03-20T12:25:41+00:00\",\"description\":\"Vous \u00eates un expert ou une experte dans le domaine de la pr\u00e9voyance professionnelle ou vous souhaitez le devenir ? Bienvenu(e) !\",\"breadcrumb\":{\"@id\":\"https:\\\/\\\/libera.ch\\\/fr\\\/a-propos\\\/carrieres\\\/#breadcrumb\"},\"inLanguage\":\"fr-FR\",\"potentialAction\":[{\"@type\":\"ReadAction\",\"target\":[\"https:\\\/\\\/libera.ch\\\/fr\\\/a-propos\\\/carrieres\\\/\"]}]},{\"@type\":\"BreadcrumbList\",\"@id\":\"https:\\\/\\\/libera.ch\\\/fr\\\/a-propos\\\/carrieres\\\/#breadcrumb\",\"itemListElement\":[{\"@type\":\"ListItem\",\"position\":1,\"name\":\"Home\",\"item\":\"https:\\\/\\\/libera.ch\\\/fr\\\/\"},{\"@type\":\"ListItem\",\"position\":2,\"name\":\"\u00c0 propos\",\"item\":\"https:\\\/\\\/libera.ch\\\/fr\\\/a-propos\\\/\"},{\"@type\":\"ListItem\",\"position\":3,\"name\":\"Carri\u00e8res\"}]},{\"@type\":\"WebSite\",\"@id\":\"https:\\\/\\\/libera.ch\\\/fr\\\/#website\",\"url\":\"https:\\\/\\\/libera.ch\\\/fr\\\/\",\"name\":\"Libera\",\"description\":\"\",\"publisher\":{\"@id\":\"https:\\\/\\\/libera.ch\\\/fr\\\/#organization\"},\"potentialAction\":[{\"@type\":\"SearchAction\",\"target\":{\"@type\":\"EntryPoint\",\"urlTemplate\":\"https:\\\/\\\/libera.ch\\\/fr\\\/?s={search_term_string}\"},\"query-input\":{\"@type\":\"PropertyValueSpecification\",\"valueRequired\":true,\"valueName\":\"search_term_string\"}}],\"inLanguage\":\"fr-FR\"},{\"@type\":\"Organization\",\"@id\":\"https:\\\/\\\/libera.ch\\\/fr\\\/#organization\",\"name\":\"Libera AG\",\"url\":\"https:\\\/\\\/libera.ch\\\/fr\\\/\",\"logo\":{\"@type\":\"ImageObject\",\"inLanguage\":\"fr-FR\",\"@id\":\"https:\\\/\\\/libera.ch\\\/fr\\\/#\\\/schema\\\/logo\\\/image\\\/\",\"url\":\"https:\\\/\\\/libera.ch\\\/wp-content\\\/uploads\\\/2022\\\/06\\\/logo_de.svg\",\"contentUrl\":\"https:\\\/\\\/libera.ch\\\/wp-content\\\/uploads\\\/2022\\\/06\\\/logo_de.svg\",\"width\":273,\"height\":79,\"caption\":\"Libera AG\"},\"image\":{\"@id\":\"https:\\\/\\\/libera.ch\\\/fr\\\/#\\\/schema\\\/logo\\\/image\\\/\"},\"sameAs\":[\"https:\\\/\\\/ch.linkedin.com\\\/company\\\/libera-ag\"]}]}<\/script>\n<!-- \/ Yoast SEO plugin. -->","yoast_head_json":{"title":"Carri\u00e8re & Postes \u00e0 pourvoir | Libera AG","description":"Vous \u00eates un expert ou une experte dans le domaine de la pr\u00e9voyance professionnelle ou vous souhaitez le devenir ? Bienvenu(e) !","robots":{"index":"index","follow":"follow","max-snippet":"max-snippet:-1","max-image-preview":"max-image-preview:large","max-video-preview":"max-video-preview:-1"},"canonical":"https:\/\/libera.ch\/fr\/a-propos\/carrieres\/","og_locale":"fr_FR","og_type":"article","og_title":"Carri\u00e8re & Postes \u00e0 pourvoir | Libera AG","og_description":"Vous \u00eates un expert ou une experte dans le domaine de la pr\u00e9voyance professionnelle ou vous souhaitez le devenir ? Bienvenu(e) !","og_url":"https:\/\/libera.ch\/fr\/a-propos\/carrieres\/","og_site_name":"Libera","article_modified_time":"2026-03-20T12:25:41+00:00","twitter_card":"summary_large_image","twitter_misc":{"Est. reading time":"1 minute"},"schema":{"@context":"https:\/\/schema.org","@graph":[{"@type":"WebPage","@id":"https:\/\/libera.ch\/fr\/a-propos\/carrieres\/","url":"https:\/\/libera.ch\/fr\/a-propos\/carrieres\/","name":"Carri\u00e8re & Postes \u00e0 pourvoir | Libera AG","isPartOf":{"@id":"https:\/\/libera.ch\/fr\/#website"},"datePublished":"2021-11-05T09:47:16+00:00","dateModified":"2026-03-20T12:25:41+00:00","description":"Vous \u00eates un expert ou une experte dans le domaine de la pr\u00e9voyance professionnelle ou vous souhaitez le devenir ? Bienvenu(e) !","breadcrumb":{"@id":"https:\/\/libera.ch\/fr\/a-propos\/carrieres\/#breadcrumb"},"inLanguage":"fr-FR","potentialAction":[{"@type":"ReadAction","target":["https:\/\/libera.ch\/fr\/a-propos\/carrieres\/"]}]},{"@type":"BreadcrumbList","@id":"https:\/\/libera.ch\/fr\/a-propos\/carrieres\/#breadcrumb","itemListElement":[{"@type":"ListItem","position":1,"name":"Home","item":"https:\/\/libera.ch\/fr\/"},{"@type":"ListItem","position":2,"name":"\u00c0 propos","item":"https:\/\/libera.ch\/fr\/a-propos\/"},{"@type":"ListItem","position":3,"name":"Carri\u00e8res"}]},{"@type":"WebSite","@id":"https:\/\/libera.ch\/fr\/#website","url":"https:\/\/libera.ch\/fr\/","name":"Libera","description":"","publisher":{"@id":"https:\/\/libera.ch\/fr\/#organization"},"potentialAction":[{"@type":"SearchAction","target":{"@type":"EntryPoint","urlTemplate":"https:\/\/libera.ch\/fr\/?s={search_term_string}"},"query-input":{"@type":"PropertyValueSpecification","valueRequired":true,"valueName":"search_term_string"}}],"inLanguage":"fr-FR"},{"@type":"Organization","@id":"https:\/\/libera.ch\/fr\/#organization","name":"Libera AG","url":"https:\/\/libera.ch\/fr\/","logo":{"@type":"ImageObject","inLanguage":"fr-FR","@id":"https:\/\/libera.ch\/fr\/#\/schema\/logo\/image\/","url":"https:\/\/libera.ch\/wp-content\/uploads\/2022\/06\/logo_de.svg","contentUrl":"https:\/\/libera.ch\/wp-content\/uploads\/2022\/06\/logo_de.svg","width":273,"height":79,"caption":"Libera AG"},"image":{"@id":"https:\/\/libera.ch\/fr\/#\/schema\/logo\/image\/"},"sameAs":["https:\/\/ch.linkedin.com\/company\/libera-ag"]}]}},"_links":{"self":[{"href":"https:\/\/libera.ch\/fr\/wp-json\/wp\/v2\/pages\/1364","targetHints":{"allow":["GET"]}}],"collection":[{"href":"https:\/\/libera.ch\/fr\/wp-json\/wp\/v2\/pages"}],"about":[{"href":"https:\/\/libera.ch\/fr\/wp-json\/wp\/v2\/types\/page"}],"author":[{"embeddable":true,"href":"https:\/\/libera.ch\/fr\/wp-json\/wp\/v2\/users\/1"}],"replies":[{"embeddable":true,"href":"https:\/\/libera.ch\/fr\/wp-json\/wp\/v2\/comments?post=1364"}],"version-history":[{"count":41,"href":"https:\/\/libera.ch\/fr\/wp-json\/wp\/v2\/pages\/1364\/revisions"}],"predecessor-version":[{"id":8424,"href":"https:\/\/libera.ch\/fr\/wp-json\/wp\/v2\/pages\/1364\/revisions\/8424"}],"up":[{"embeddable":true,"href":"https:\/\/libera.ch\/fr\/wp-json\/wp\/v2\/pages\/1363"}],"wp:attachment":[{"href":"https:\/\/libera.ch\/fr\/wp-json\/wp\/v2\/media?parent=1364"}],"curies":[{"name":"wp","href":"https:\/\/api.w.org\/{rel}","templated":true}]}}