{"id":2540,"date":"2022-05-10T11:19:10","date_gmt":"2022-05-10T09:19:10","guid":{"rendered":"https:\/\/nervous-knuth.46-231-200-39.plesk.page\/?page_id=2540"},"modified":"2023-04-28T08:39:43","modified_gmt":"2023-04-28T06:39:43","slug":"contact","status":"publish","type":"page","link":"https:\/\/libera.ch\/fr\/contact\/","title":{"rendered":"Contact"},"content":{"rendered":"\n<h2 class=\"wp-block-heading has-text-align-center\">Nous nous r\u00e9jouissons <br>de votre demande \/ prise de contact<\/h2>\n\n\n\n<div style=\"height:40px\" aria-hidden=\"true\" class=\"wp-block-spacer\"><\/div>\n\n\n\n<div class=\"wp-block-buttons is-horizontal is-content-justification-center is-layout-flex wp-container-core-buttons-is-layout-499968f5 wp-block-buttons-is-layout-flex\">\n<div class=\"wp-block-button has-custom-width wp-block-button__width-25 has-custom-font-size is-style-fill libera-mobile-100 libera-a-button has-normal-font-size\"><a class=\"wp-block-button__link has-white-color has-text-color has-background no-border-radius wp-element-button\" href=\"tel:0041438177300\" style=\"background-color:#28386a\" rel=\"\"><i class=\"fas fa-phone\"><\/i> +41 43 817 73 00<\/a><\/div>\n\n\n\n<div class=\"wp-block-button has-custom-width wp-block-button__width-25 has-custom-font-size libera-mobile-100 libera-a-button has-normal-font-size\"><a class=\"mail-link wp-block-button__link has-white-color has-text-color has-background no-border-radius wp-element-button\" href=\"javascript:;\" data-encoded-email=\"aW5mb0BsaWJlcmEuY2g=\" style=\"background-color:#28386a\" rel=\"\"><i class=\"fas fa-envelope\"><\/i> Contact<\/a><\/div>\n<\/div>\n\n\n\n<p><\/p>\n\n\n\n<div style=\"height:50px\" aria-hidden=\"true\" class=\"wp-block-spacer\"><\/div>\n\n\n\n<p class=\"has-text-align-center has-text-color\" style=\"color:#515151\">Ou contactez-nous via le formulaire de contact.<\/p>\n\n\n\n<div class=\"wp-block-group libera-full-width libera-mb-block-0 pt-5 pb-5 has-white-color has-text-color has-background\" style=\"background:linear-gradient(180deg,rgb(40,56,106) 3%,rgb(79,96,174) 99%)\"><div class=\"wp-block-group__inner-container is-layout-flow wp-block-group-is-layout-flow\">\n<h2 class=\"wp-block-heading has-text-align-center\"> Formulaire de Contact<\/h2>\n\n\n\n<div class=\"wpcf7 no-js\" id=\"wpcf7-f2683-o1\" lang=\"de-CH\" dir=\"ltr\" data-wpcf7-id=\"2683\">\n<div class=\"screen-reader-response\"><p role=\"status\" aria-live=\"polite\" aria-atomic=\"true\"><\/p> <ul><\/ul><\/div>\n<form action=\"\/fr\/wp-json\/wp\/v2\/pages\/2540#wpcf7-f2683-o1\" method=\"post\" class=\"wpcf7-form init\" aria-label=\"Contact form\" novalidate=\"novalidate\" data-status=\"init\">\n<fieldset class=\"hidden-fields-container\"><input type=\"hidden\" name=\"_wpcf7\" value=\"2683\" \/><input type=\"hidden\" name=\"_wpcf7_version\" value=\"6.1.5\" \/><input type=\"hidden\" name=\"_wpcf7_locale\" value=\"de_CH\" \/><input type=\"hidden\" name=\"_wpcf7_unit_tag\" value=\"wpcf7-f2683-o1\" \/><input type=\"hidden\" name=\"_wpcf7_container_post\" value=\"0\" \/><input type=\"hidden\" name=\"_wpcf7_posted_data_hash\" value=\"\" \/><input type=\"hidden\" name=\"_wpcf7_recaptcha_response\" value=\"\" \/>\n<\/fieldset>\n<div class=\"ais-form\">\n\t<div class=\"container\">\n\t\t<div class=\"row\">\n\t\t\t<div class=\"col-6\">\n\t\t\t\t<p><label> Salutation*<br \/>\n<span class=\"wpcf7-form-control-wrap\" data-name=\"Anrede\"><select class=\"wpcf7-form-control wpcf7-select wpcf7-validates-as-required\" aria-required=\"true\" aria-invalid=\"false\" name=\"Anrede\"><option value=\"\"><\/option><option value=\"Monsieur\">Monsieur<\/option><option value=\"Madame\">Madame<\/option><\/select><\/span><\/label>\n\t\t\t\t<\/p>\n\t\t\t<\/div>\n\t\t\t<div class=\"col-6\">\n\t\t\t\t<p><label> Titre<br \/>\n<span class=\"wpcf7-form-control-wrap\" data-name=\"Titel\"><input size=\"40\" maxlength=\"400\" class=\"wpcf7-form-control wpcf7-text wpcf7-validates-as-required\" aria-required=\"true\" aria-invalid=\"false\" placeholder=\"\" value=\"\" type=\"text\" name=\"Titel\" \/><\/span><\/label>\n\t\t\t\t<\/p>\n\t\t\t<\/div>\n\t\t\t<div class=\"col-md-12\">\n\t\t\t\t<p><label> Soci\u00e9t\u00e9*<br \/>\n<span class=\"wpcf7-form-control-wrap\" data-name=\"Firma\"><input size=\"40\" maxlength=\"400\" class=\"wpcf7-form-control wpcf7-text wpcf7-validates-as-required\" aria-required=\"true\" aria-invalid=\"false\" placeholder=\"Soci\u00e9t\u00e9\" value=\"\" type=\"text\" name=\"Firma\" \/><\/span><\/label>\n\t\t\t\t<\/p>\n\t\t\t<\/div>\n\t\t\t<div class=\"col-md-6\">\n\t\t\t\t<p><label> Pr\u00e9nom*<br \/>\n<span class=\"wpcf7-form-control-wrap\" data-name=\"Vorname\"><input size=\"40\" maxlength=\"400\" class=\"wpcf7-form-control wpcf7-text wpcf7-validates-as-required\" aria-required=\"true\" aria-invalid=\"false\" placeholder=\"Pr\u00e9nom\" value=\"\" type=\"text\" name=\"Vorname\" \/><\/span><\/label>\n\t\t\t\t<\/p>\n\t\t\t<\/div>\n\t\t\t<div class=\"col-md-6\">\n\t\t\t\t<p><label> Nom *<br \/>\n<span class=\"wpcf7-form-control-wrap\" data-name=\"Name\"><input size=\"40\" maxlength=\"400\" class=\"wpcf7-form-control wpcf7-text wpcf7-validates-as-required\" aria-required=\"true\" aria-invalid=\"false\" placeholder=\"Nom\" value=\"\" type=\"text\" name=\"Name\" \/><\/span><\/label>\n\t\t\t\t<\/p>\n\t\t\t<\/div>\n\t\t\t<div class=\"col-md-6\">\n\t\t\t\t<p><label> E-Mail*<br \/>\n<span class=\"wpcf7-form-control-wrap\" data-name=\"mail\"><input size=\"40\" maxlength=\"400\" class=\"wpcf7-form-control wpcf7-email wpcf7-validates-as-required wpcf7-text wpcf7-validates-as-email\" aria-required=\"true\" aria-invalid=\"false\" placeholder=\"_@_._\" value=\"\" type=\"email\" name=\"mail\" \/><\/span><\/label>\n\t\t\t\t<\/p>\n\t\t\t<\/div>\n\t\t\t<div class=\"col-md-6\">\n\t\t\t\t<p><label> T\u00e9l\u00e9phonen*<br \/>\n<span class=\"wpcf7-form-control-wrap\" data-name=\"Tel\"><input size=\"40\" maxlength=\"400\" class=\"wpcf7-form-control wpcf7-tel wpcf7-validates-as-required wpcf7-text wpcf7-validates-as-tel\" aria-required=\"true\" aria-invalid=\"false\" placeholder=\"+41 XX XXX XX XX\" value=\"\" type=\"tel\" name=\"Tel\" \/><\/span><\/label>\n\t\t\t\t<\/p>\n\t\t\t<\/div>\n\t\t\t<div class=\"col-md-12\">\n\t\t\t\t<p><label> Sujet*<br \/>\n<span class=\"wpcf7-form-control-wrap\" data-name=\"Betreff\"><input size=\"40\" maxlength=\"400\" class=\"wpcf7-form-control wpcf7-text wpcf7-validates-as-required\" aria-required=\"true\" aria-invalid=\"false\" value=\"\" type=\"text\" name=\"Betreff\" \/><\/span><\/label>\n\t\t\t\t<\/p>\n\t\t\t<\/div>\n\t\t\t<div class=\"col-md-12\">\n\t\t\t\t<p><label> Message *<br \/>\n<span class=\"wpcf7-form-control-wrap\" data-name=\"Nachricht\"><textarea cols=\"40\" rows=\"10\" maxlength=\"2000\" class=\"wpcf7-form-control wpcf7-textarea wpcf7-validates-as-required\" aria-required=\"true\" aria-invalid=\"false\" name=\"Nachricht\"><\/textarea><\/span><\/label>\n\t\t\t\t<\/p>\n\t\t\t<\/div>\n\t\t\t<div class=\"col-md-6\">\n\t\t\t\t<p><label> Contr\u00f4le de s\u00e9curit\u00e9 *<br \/>\n\t\t\t\t\t<span class=\"wpcf7-form-control-wrap recaptcha\" data-name=\"recaptcha\"><span data-sitekey=\"6LfWdmsdAAAAAAw6jYLiwxUuTFSpMYRIuF5Rvnsy\" class=\"wpcf7-form-control wpcf7-recaptcha g-recaptcha\"><\/span>\r\n<noscript>\r\n\t<div class=\"grecaptcha-noscript\">\r\n\t\t<iframe loading=\"lazy\" src=\"https:\/\/www.google.com\/recaptcha\/api\/fallback?k=6LfWdmsdAAAAAAw6jYLiwxUuTFSpMYRIuF5Rvnsy\" frameborder=\"0\" scrolling=\"no\" width=\"310\" height=\"430\">\r\n\t\t<\/iframe>\r\n\t\t<textarea name=\"g-recaptcha-response\" rows=\"3\" cols=\"40\" placeholder=\"reCaptcha Response Here\">\r\n\t\t<\/textarea>\r\n\t<\/div>\r\n<\/noscript>\r\n<\/span><\/label>\n\t\t\t\t<\/p>\n\t\t\t<\/div>\n\t\t\t<div class=\"col-md-6 text-end\">\n\t\t\t\t<p><label><br \/>\n<input class=\"wpcf7-form-control wpcf7-submit has-spinner\" type=\"submit\" value=\"Envoyer\" \/><\/label>\n\t\t\t\t<\/p>\n\t\t\t<\/div>\n\t\t<\/div>\n\t<\/div>\n<\/div><div class=\"wpcf7-response-output\" aria-hidden=\"true\"><\/div>\n<\/form>\n<\/div>\n\n<\/div><\/div>\n\n\n\r\n\r\n                <\/div>\r\n            <\/article>\r\n        <\/div>\r\n    <\/div>\r\n<\/div>\r\n<script type=\"text\/javascript\" src=\"https:\/\/maps.googleapis.com\/maps\/api\/js?key=AIzaSyCxAKd8iPy19LHuRb-hAaVTtlyQnidCWLY\"><\/script>\r\n<div id=\"ais-block_aefc0e5eb212a4cfb6af98fa0123ab8b\" class=\"ais-block ais-block-map m-0\"  >\r\n    <div class=\"container ais-map-top\">\r\n        <div class=\"row p-0\">\r\n            <div class=\"offset-lg-1 col-lg-10\">\r\n                <div class=\"row\">\r\n                    <div class=\"ais-slider ais-slider-id-69e2f507f0e24 ais-opacity-0\" data-ais_slider_id=\"69e2f507f0e24\" data-ais_slider_amount_items=\"2\" data-ais_slider_amount_items_scroll=\"2\" data-ais_slider_arrow=\"0\" data-ais_slider_dots=\"0\" data-ais_slider_auto=\"0\" data-ais_slider_auto_time=\"1000\" data-ais_slider_color=\"#000000\" data-ais_slider_change_style=\"slide\" data-ais_slider_responsive=\"1\">\r\n                                                <div class=\"col-md-6 p-3\">\r\n                                <div class=\"ais-bg-white shadow\">\r\n                                    <div class=\"p-4\">\r\n                                        <h3 class=\"ais-fs-34 ais-color-blue\">Libera AG Z\u00fcrich<\/h3>\r\n                                        <div class=\"ais-map-content ais-fs-25 ais-color-grey-dark\"><p>Stockerstrasse 34<br \/>\nPostfach<br \/>\n8002 Z\u00fcrich<br \/>\n<a href=\"tel:0041438177300\">Tel. +41 43 817 73 00<\/a><\/p>\n<\/div>\r\n                                    <\/div>\r\n                                    <div id=\"ais-map-id-zurich\" class=\"ais-maps\"><iframe loading=\"lazy\" id=\"map-canvas\" class=\"map_part\" width=\"100%\"  height=\"100%\"  frameborder=\"0\" scrolling=\"no\" marginheight=\"0\" marginwidth=\"0\" src=\"https:\/\/maps.google.com\/maps?width=100%&amp;height=100%&amp;hl=en&amp;q=Stockerstrasse 34&amp;t=&amp;z=14&amp;ie=UTF8&amp;iwloc=B&amp;output=embed\"><\/iframe><\/div>\r\n\r\n                                    \r\n                                <\/div>\r\n                            <\/div>\r\n                                                <div class=\"col-md-6 p-3\">\r\n                                <div class=\"ais-bg-white shadow\">\r\n                                    <div class=\"p-4\">\r\n                                        <h3 class=\"ais-fs-34 ais-color-blue\">Libera AG B\u00e2le<\/h3>\r\n                                        <div class=\"ais-map-content ais-fs-25 ais-color-grey-dark\"><p>Birsstrasse 320<br \/>\nPostfach<br \/>\n4052 B\u00e2le<br \/>\n<a href=\"tel:0041612057400\">Tel. +41 61 205 74 00<\/a><\/p>\n<\/div>\r\n                                    <\/div>\r\n                                    <div id=\"ais-map-id-basel\" class=\"ais-maps\"><iframe loading=\"lazy\" id=\"map-canvas\" class=\"map_part\" width=\"100%\"  height=\"100%\"  frameborder=\"0\" scrolling=\"no\" marginheight=\"0\" marginwidth=\"0\" src=\"https:\/\/maps.google.com\/maps?width=100%&amp;height=100%&amp;hl=en&amp;q=Birstrasse 320&amp;t=&amp;z=14&amp;ie=UTF8&amp;iwloc=B&amp;output=embed\"><\/iframe><\/div>\r\n\r\n                                    \r\n                                <\/div>\r\n                            <\/div>\r\n                                        <\/div>\r\n                <\/div>\r\n            <\/div>\r\n        <\/div>\r\n    <\/div>\r\n\r\n    <div class=\"container-fluid ais-map-bottom d-flex align-items-end justify-content-center \" style=\"background-color: #28386a\">\r\n            <\/div>\r\n<\/div>\r\n<div class=\"container\">\r\n    <div class=\"row\">\r\n        <div class=\"col-lg-12\">\r\n            <article class=\"page type-page status-publish hentry\">\r\n                <div class=\"entry-content\">\r\n\r\n\r\n\r\n","protected":false},"excerpt":{"rendered":"<p>Nous nous r\u00e9jouissons de votre demande \/ prise de contact Ou contactez-nous via le formulaire de contact. Formulaire de Contact<\/p>\n","protected":false},"author":2,"featured_media":0,"parent":0,"menu_order":0,"comment_status":"closed","ping_status":"closed","template":"","meta":{"_acf_changed":false,"inline_featured_image":false,"footnotes":""},"class_list":["post-2540","page","type-page","status-publish","hentry"],"acf":[],"yoast_head":"<!-- This site is optimized with the Yoast SEO plugin v27.3 - https:\/\/yoast.com\/product\/yoast-seo-wordpress\/ -->\n<title>Contact &amp; localisation | Libera AG<\/title>\n<meta name=\"description\" content=\"Contactez Libera AG par t\u00e9l\u00e9phone, e-mail ou formulaire de contact. Nous nous r\u00e9jouissons de votre prise de contact.\" \/>\n<meta name=\"robots\" content=\"index, follow, max-snippet:-1, max-image-preview:large, max-video-preview:-1\" \/>\n<link rel=\"canonical\" href=\"https:\/\/libera.ch\/fr\/contact\/\" \/>\n<meta property=\"og:locale\" content=\"fr_FR\" \/>\n<meta property=\"og:type\" content=\"article\" \/>\n<meta property=\"og:title\" content=\"Contact &amp; localisation | Libera AG\" \/>\n<meta property=\"og:description\" content=\"Contactez Libera AG par t\u00e9l\u00e9phone, e-mail ou formulaire de contact. Nous nous r\u00e9jouissons de votre prise de contact.\" \/>\n<meta property=\"og:url\" content=\"https:\/\/libera.ch\/fr\/contact\/\" \/>\n<meta property=\"og:site_name\" content=\"Libera\" \/>\n<meta property=\"article:modified_time\" content=\"2023-04-28T06:39:43+00:00\" \/>\n<meta name=\"twitter:card\" content=\"summary_large_image\" \/>\n<meta name=\"twitter:label1\" content=\"Est. reading time\" \/>\n\t<meta name=\"twitter:data1\" content=\"1 minute\" \/>\n<script type=\"application\/ld+json\" class=\"yoast-schema-graph\">{\"@context\":\"https:\\\/\\\/schema.org\",\"@graph\":[{\"@type\":\"WebPage\",\"@id\":\"https:\\\/\\\/libera.ch\\\/fr\\\/contact\\\/\",\"url\":\"https:\\\/\\\/libera.ch\\\/fr\\\/contact\\\/\",\"name\":\"Contact & localisation | Libera AG\",\"isPartOf\":{\"@id\":\"https:\\\/\\\/libera.ch\\\/fr\\\/#website\"},\"datePublished\":\"2022-05-10T09:19:10+00:00\",\"dateModified\":\"2023-04-28T06:39:43+00:00\",\"description\":\"Contactez Libera AG par t\u00e9l\u00e9phone, e-mail ou formulaire de contact. Nous nous r\u00e9jouissons de votre prise de contact.\",\"breadcrumb\":{\"@id\":\"https:\\\/\\\/libera.ch\\\/fr\\\/contact\\\/#breadcrumb\"},\"inLanguage\":\"fr-FR\",\"potentialAction\":[{\"@type\":\"ReadAction\",\"target\":[\"https:\\\/\\\/libera.ch\\\/fr\\\/contact\\\/\"]}]},{\"@type\":\"BreadcrumbList\",\"@id\":\"https:\\\/\\\/libera.ch\\\/fr\\\/contact\\\/#breadcrumb\",\"itemListElement\":[{\"@type\":\"ListItem\",\"position\":1,\"name\":\"Home\",\"item\":\"https:\\\/\\\/libera.ch\\\/fr\\\/\"},{\"@type\":\"ListItem\",\"position\":2,\"name\":\"Contact\"}]},{\"@type\":\"WebSite\",\"@id\":\"https:\\\/\\\/libera.ch\\\/fr\\\/#website\",\"url\":\"https:\\\/\\\/libera.ch\\\/fr\\\/\",\"name\":\"Libera\",\"description\":\"\",\"publisher\":{\"@id\":\"https:\\\/\\\/libera.ch\\\/fr\\\/#organization\"},\"potentialAction\":[{\"@type\":\"SearchAction\",\"target\":{\"@type\":\"EntryPoint\",\"urlTemplate\":\"https:\\\/\\\/libera.ch\\\/fr\\\/?s={search_term_string}\"},\"query-input\":{\"@type\":\"PropertyValueSpecification\",\"valueRequired\":true,\"valueName\":\"search_term_string\"}}],\"inLanguage\":\"fr-FR\"},{\"@type\":\"Organization\",\"@id\":\"https:\\\/\\\/libera.ch\\\/fr\\\/#organization\",\"name\":\"Libera AG\",\"url\":\"https:\\\/\\\/libera.ch\\\/fr\\\/\",\"logo\":{\"@type\":\"ImageObject\",\"inLanguage\":\"fr-FR\",\"@id\":\"https:\\\/\\\/libera.ch\\\/fr\\\/#\\\/schema\\\/logo\\\/image\\\/\",\"url\":\"https:\\\/\\\/libera.ch\\\/wp-content\\\/uploads\\\/2022\\\/06\\\/logo_de.svg\",\"contentUrl\":\"https:\\\/\\\/libera.ch\\\/wp-content\\\/uploads\\\/2022\\\/06\\\/logo_de.svg\",\"width\":273,\"height\":79,\"caption\":\"Libera AG\"},\"image\":{\"@id\":\"https:\\\/\\\/libera.ch\\\/fr\\\/#\\\/schema\\\/logo\\\/image\\\/\"},\"sameAs\":[\"https:\\\/\\\/ch.linkedin.com\\\/company\\\/libera-ag\"]}]}<\/script>\n<!-- \/ Yoast SEO plugin. -->","yoast_head_json":{"title":"Contact & localisation | Libera AG","description":"Contactez Libera AG par t\u00e9l\u00e9phone, e-mail ou formulaire de contact. Nous nous r\u00e9jouissons de votre prise de contact.","robots":{"index":"index","follow":"follow","max-snippet":"max-snippet:-1","max-image-preview":"max-image-preview:large","max-video-preview":"max-video-preview:-1"},"canonical":"https:\/\/libera.ch\/fr\/contact\/","og_locale":"fr_FR","og_type":"article","og_title":"Contact & localisation | Libera AG","og_description":"Contactez Libera AG par t\u00e9l\u00e9phone, e-mail ou formulaire de contact. Nous nous r\u00e9jouissons de votre prise de contact.","og_url":"https:\/\/libera.ch\/fr\/contact\/","og_site_name":"Libera","article_modified_time":"2023-04-28T06:39:43+00:00","twitter_card":"summary_large_image","twitter_misc":{"Est. reading time":"1 minute"},"schema":{"@context":"https:\/\/schema.org","@graph":[{"@type":"WebPage","@id":"https:\/\/libera.ch\/fr\/contact\/","url":"https:\/\/libera.ch\/fr\/contact\/","name":"Contact & localisation | Libera AG","isPartOf":{"@id":"https:\/\/libera.ch\/fr\/#website"},"datePublished":"2022-05-10T09:19:10+00:00","dateModified":"2023-04-28T06:39:43+00:00","description":"Contactez Libera AG par t\u00e9l\u00e9phone, e-mail ou formulaire de contact. Nous nous r\u00e9jouissons de votre prise de contact.","breadcrumb":{"@id":"https:\/\/libera.ch\/fr\/contact\/#breadcrumb"},"inLanguage":"fr-FR","potentialAction":[{"@type":"ReadAction","target":["https:\/\/libera.ch\/fr\/contact\/"]}]},{"@type":"BreadcrumbList","@id":"https:\/\/libera.ch\/fr\/contact\/#breadcrumb","itemListElement":[{"@type":"ListItem","position":1,"name":"Home","item":"https:\/\/libera.ch\/fr\/"},{"@type":"ListItem","position":2,"name":"Contact"}]},{"@type":"WebSite","@id":"https:\/\/libera.ch\/fr\/#website","url":"https:\/\/libera.ch\/fr\/","name":"Libera","description":"","publisher":{"@id":"https:\/\/libera.ch\/fr\/#organization"},"potentialAction":[{"@type":"SearchAction","target":{"@type":"EntryPoint","urlTemplate":"https:\/\/libera.ch\/fr\/?s={search_term_string}"},"query-input":{"@type":"PropertyValueSpecification","valueRequired":true,"valueName":"search_term_string"}}],"inLanguage":"fr-FR"},{"@type":"Organization","@id":"https:\/\/libera.ch\/fr\/#organization","name":"Libera AG","url":"https:\/\/libera.ch\/fr\/","logo":{"@type":"ImageObject","inLanguage":"fr-FR","@id":"https:\/\/libera.ch\/fr\/#\/schema\/logo\/image\/","url":"https:\/\/libera.ch\/wp-content\/uploads\/2022\/06\/logo_de.svg","contentUrl":"https:\/\/libera.ch\/wp-content\/uploads\/2022\/06\/logo_de.svg","width":273,"height":79,"caption":"Libera AG"},"image":{"@id":"https:\/\/libera.ch\/fr\/#\/schema\/logo\/image\/"},"sameAs":["https:\/\/ch.linkedin.com\/company\/libera-ag"]}]}},"_links":{"self":[{"href":"https:\/\/libera.ch\/fr\/wp-json\/wp\/v2\/pages\/2540","targetHints":{"allow":["GET"]}}],"collection":[{"href":"https:\/\/libera.ch\/fr\/wp-json\/wp\/v2\/pages"}],"about":[{"href":"https:\/\/libera.ch\/fr\/wp-json\/wp\/v2\/types\/page"}],"author":[{"embeddable":true,"href":"https:\/\/libera.ch\/fr\/wp-json\/wp\/v2\/users\/2"}],"replies":[{"embeddable":true,"href":"https:\/\/libera.ch\/fr\/wp-json\/wp\/v2\/comments?post=2540"}],"version-history":[{"count":11,"href":"https:\/\/libera.ch\/fr\/wp-json\/wp\/v2\/pages\/2540\/revisions"}],"predecessor-version":[{"id":5409,"href":"https:\/\/libera.ch\/fr\/wp-json\/wp\/v2\/pages\/2540\/revisions\/5409"}],"wp:attachment":[{"href":"https:\/\/libera.ch\/fr\/wp-json\/wp\/v2\/media?parent=2540"}],"curies":[{"name":"wp","href":"https:\/\/api.w.org\/{rel}","templated":true}]}}