{"id":5073,"date":"2023-02-13T15:43:39","date_gmt":"2023-02-13T14:43:39","guid":{"rendered":"https:\/\/libera.ch\/?page_id=5073"},"modified":"2025-12-15T09:16:27","modified_gmt":"2025-12-15T08:16:27","slug":"publications-fr","status":"publish","type":"page","link":"https:\/\/libera.ch\/fr\/publications-fr\/","title":{"rendered":"Publications"},"content":{"rendered":"\n<p>Apprenez-en plus sur les derniers d\u00e9veloppements de la s\u00e9curit\u00e9 sociale suisse et d\u00e9couvrez les derni\u00e8res publications et les chiffres cl\u00e9s de la pr\u00e9voyance profes (BVG) 2026.<\/p>\n\n\n                <\/div>\r\n            <\/article>\r\n        <\/div>\r\n    <\/div>\r\n<\/div>\r\n<div id=\"ais-block_1e029a28b41c4c220c31a7591ee82633\" class=\"ais-block ais-block-contactinfo m-0 \"  >\r\n    <div class=\"container ais-contactinfo-top\">\r\n        <div class=\"row p-0\">\r\n            <div class=\"col-md-12\">\r\n                <div class=\"row\">\r\n                                                    <div class=\"offset-md-2 col-md-8 mt-5 mt-md-0 mb-5\">\r\n                        <div class=\" ais-bg-white shadow ais-color-blue\">\r\n                            <div class=\"d-flex justify-content-center\">\r\n                                <img decoding=\"async\" class=\"\" src=\"\" alt=\"\">\r\n                            <\/div>\r\n                            <div class=\"ais-block-contactinfo-text p-4 pb-5 ais-same-height-contactinfo-box\">\r\n                                <h3 class=\"ais-fs-50 ais-same-height-contactinfo-title\"><\/h3>\r\n                                <span class=\"d-block ais-fs-25\"><\/span>\r\n                                <div class=\"ais-fs-50\">\r\n                                                                                                        <\/div>\r\n                                <div class=\"mt-3 ais-fs-25 ais-same-height-contactinfo-desc\"><\/div>\r\n                                                            <\/div>\r\n                        <\/div>\r\n                    <\/div>\r\n                            <\/div>\r\n            <\/div>\r\n        <\/div>\r\n    <\/div>\r\n\r\n    <div class=\"container-fluid ais-contactinfo-bottom d-flex align-items-end justify-content-center \" ><\/div>\r\n<\/div>\r\n<div class=\"container\">\r\n    <div class=\"row\">\r\n        <div class=\"col-lg-12\">\r\n            <article class=\"page type-page status-publish hentry\">\r\n                <div class=\"entry-content\">\r\n\r\n","protected":false},"excerpt":{"rendered":"<p>Apprenez-en plus sur les derniers d\u00e9veloppements de la s\u00e9curit\u00e9 sociale suisse et d\u00e9couvrez les derni\u00e8res publications et les chiffres cl\u00e9s de la pr\u00e9voyance profes (BVG) 2026.<\/p>\n","protected":false},"author":2,"featured_media":0,"parent":0,"menu_order":0,"comment_status":"closed","ping_status":"closed","template":"","meta":{"_acf_changed":false,"inline_featured_image":false,"footnotes":""},"class_list":["post-5073","page","type-page","status-publish","hentry"],"acf":[],"yoast_head":"<!-- This site is optimized with the Yoast SEO plugin v27.3 - https:\/\/yoast.com\/product\/yoast-seo-wordpress\/ -->\n<title>Publications | Libera<\/title>\n<meta name=\"robots\" content=\"index, follow, max-snippet:-1, max-image-preview:large, max-video-preview:-1\" \/>\n<link rel=\"canonical\" href=\"https:\/\/libera.ch\/fr\/publications-fr\/\" \/>\n<meta property=\"og:locale\" content=\"fr_FR\" \/>\n<meta property=\"og:type\" content=\"article\" \/>\n<meta property=\"og:title\" content=\"Publications | Libera\" \/>\n<meta property=\"og:description\" content=\"Apprenez-en plus sur les derniers d\u00e9veloppements de la s\u00e9curit\u00e9 sociale suisse et d\u00e9couvrez les derni\u00e8res publications et les chiffres cl\u00e9s de la pr\u00e9voyance profes (BVG) 2026.\" \/>\n<meta property=\"og:url\" content=\"https:\/\/libera.ch\/fr\/publications-fr\/\" \/>\n<meta property=\"og:site_name\" content=\"Libera\" \/>\n<meta property=\"article:modified_time\" content=\"2025-12-15T08:16:27+00:00\" \/>\n<meta name=\"twitter:card\" content=\"summary_large_image\" \/>\n<meta name=\"twitter:label1\" content=\"Est. reading time\" \/>\n\t<meta name=\"twitter:data1\" content=\"1 minute\" \/>\n<script type=\"application\/ld+json\" class=\"yoast-schema-graph\">{\"@context\":\"https:\\\/\\\/schema.org\",\"@graph\":[{\"@type\":\"WebPage\",\"@id\":\"https:\\\/\\\/libera.ch\\\/fr\\\/publications-fr\\\/\",\"url\":\"https:\\\/\\\/libera.ch\\\/fr\\\/publications-fr\\\/\",\"name\":\"Publications | Libera\",\"isPartOf\":{\"@id\":\"https:\\\/\\\/libera.ch\\\/fr\\\/#website\"},\"datePublished\":\"2023-02-13T14:43:39+00:00\",\"dateModified\":\"2025-12-15T08:16:27+00:00\",\"breadcrumb\":{\"@id\":\"https:\\\/\\\/libera.ch\\\/fr\\\/publications-fr\\\/#breadcrumb\"},\"inLanguage\":\"fr-FR\",\"potentialAction\":[{\"@type\":\"ReadAction\",\"target\":[\"https:\\\/\\\/libera.ch\\\/fr\\\/publications-fr\\\/\"]}]},{\"@type\":\"BreadcrumbList\",\"@id\":\"https:\\\/\\\/libera.ch\\\/fr\\\/publications-fr\\\/#breadcrumb\",\"itemListElement\":[{\"@type\":\"ListItem\",\"position\":1,\"name\":\"Home\",\"item\":\"https:\\\/\\\/libera.ch\\\/fr\\\/\"},{\"@type\":\"ListItem\",\"position\":2,\"name\":\"Publications\"}]},{\"@type\":\"WebSite\",\"@id\":\"https:\\\/\\\/libera.ch\\\/fr\\\/#website\",\"url\":\"https:\\\/\\\/libera.ch\\\/fr\\\/\",\"name\":\"Libera\",\"description\":\"\",\"publisher\":{\"@id\":\"https:\\\/\\\/libera.ch\\\/fr\\\/#organization\"},\"potentialAction\":[{\"@type\":\"SearchAction\",\"target\":{\"@type\":\"EntryPoint\",\"urlTemplate\":\"https:\\\/\\\/libera.ch\\\/fr\\\/?s={search_term_string}\"},\"query-input\":{\"@type\":\"PropertyValueSpecification\",\"valueRequired\":true,\"valueName\":\"search_term_string\"}}],\"inLanguage\":\"fr-FR\"},{\"@type\":\"Organization\",\"@id\":\"https:\\\/\\\/libera.ch\\\/fr\\\/#organization\",\"name\":\"Libera AG\",\"url\":\"https:\\\/\\\/libera.ch\\\/fr\\\/\",\"logo\":{\"@type\":\"ImageObject\",\"inLanguage\":\"fr-FR\",\"@id\":\"https:\\\/\\\/libera.ch\\\/fr\\\/#\\\/schema\\\/logo\\\/image\\\/\",\"url\":\"https:\\\/\\\/libera.ch\\\/wp-content\\\/uploads\\\/2022\\\/06\\\/logo_de.svg\",\"contentUrl\":\"https:\\\/\\\/libera.ch\\\/wp-content\\\/uploads\\\/2022\\\/06\\\/logo_de.svg\",\"width\":273,\"height\":79,\"caption\":\"Libera AG\"},\"image\":{\"@id\":\"https:\\\/\\\/libera.ch\\\/fr\\\/#\\\/schema\\\/logo\\\/image\\\/\"},\"sameAs\":[\"https:\\\/\\\/ch.linkedin.com\\\/company\\\/libera-ag\"]}]}<\/script>\n<!-- \/ Yoast SEO plugin. -->","yoast_head_json":{"title":"Publications | Libera","robots":{"index":"index","follow":"follow","max-snippet":"max-snippet:-1","max-image-preview":"max-image-preview:large","max-video-preview":"max-video-preview:-1"},"canonical":"https:\/\/libera.ch\/fr\/publications-fr\/","og_locale":"fr_FR","og_type":"article","og_title":"Publications | Libera","og_description":"Apprenez-en plus sur les derniers d\u00e9veloppements de la s\u00e9curit\u00e9 sociale suisse et d\u00e9couvrez les derni\u00e8res publications et les chiffres cl\u00e9s de la pr\u00e9voyance profes (BVG) 2026.","og_url":"https:\/\/libera.ch\/fr\/publications-fr\/","og_site_name":"Libera","article_modified_time":"2025-12-15T08:16:27+00:00","twitter_card":"summary_large_image","twitter_misc":{"Est. reading time":"1 minute"},"schema":{"@context":"https:\/\/schema.org","@graph":[{"@type":"WebPage","@id":"https:\/\/libera.ch\/fr\/publications-fr\/","url":"https:\/\/libera.ch\/fr\/publications-fr\/","name":"Publications | Libera","isPartOf":{"@id":"https:\/\/libera.ch\/fr\/#website"},"datePublished":"2023-02-13T14:43:39+00:00","dateModified":"2025-12-15T08:16:27+00:00","breadcrumb":{"@id":"https:\/\/libera.ch\/fr\/publications-fr\/#breadcrumb"},"inLanguage":"fr-FR","potentialAction":[{"@type":"ReadAction","target":["https:\/\/libera.ch\/fr\/publications-fr\/"]}]},{"@type":"BreadcrumbList","@id":"https:\/\/libera.ch\/fr\/publications-fr\/#breadcrumb","itemListElement":[{"@type":"ListItem","position":1,"name":"Home","item":"https:\/\/libera.ch\/fr\/"},{"@type":"ListItem","position":2,"name":"Publications"}]},{"@type":"WebSite","@id":"https:\/\/libera.ch\/fr\/#website","url":"https:\/\/libera.ch\/fr\/","name":"Libera","description":"","publisher":{"@id":"https:\/\/libera.ch\/fr\/#organization"},"potentialAction":[{"@type":"SearchAction","target":{"@type":"EntryPoint","urlTemplate":"https:\/\/libera.ch\/fr\/?s={search_term_string}"},"query-input":{"@type":"PropertyValueSpecification","valueRequired":true,"valueName":"search_term_string"}}],"inLanguage":"fr-FR"},{"@type":"Organization","@id":"https:\/\/libera.ch\/fr\/#organization","name":"Libera AG","url":"https:\/\/libera.ch\/fr\/","logo":{"@type":"ImageObject","inLanguage":"fr-FR","@id":"https:\/\/libera.ch\/fr\/#\/schema\/logo\/image\/","url":"https:\/\/libera.ch\/wp-content\/uploads\/2022\/06\/logo_de.svg","contentUrl":"https:\/\/libera.ch\/wp-content\/uploads\/2022\/06\/logo_de.svg","width":273,"height":79,"caption":"Libera AG"},"image":{"@id":"https:\/\/libera.ch\/fr\/#\/schema\/logo\/image\/"},"sameAs":["https:\/\/ch.linkedin.com\/company\/libera-ag"]}]}},"_links":{"self":[{"href":"https:\/\/libera.ch\/fr\/wp-json\/wp\/v2\/pages\/5073","targetHints":{"allow":["GET"]}}],"collection":[{"href":"https:\/\/libera.ch\/fr\/wp-json\/wp\/v2\/pages"}],"about":[{"href":"https:\/\/libera.ch\/fr\/wp-json\/wp\/v2\/types\/page"}],"author":[{"embeddable":true,"href":"https:\/\/libera.ch\/fr\/wp-json\/wp\/v2\/users\/2"}],"replies":[{"embeddable":true,"href":"https:\/\/libera.ch\/fr\/wp-json\/wp\/v2\/comments?post=5073"}],"version-history":[{"count":57,"href":"https:\/\/libera.ch\/fr\/wp-json\/wp\/v2\/pages\/5073\/revisions"}],"predecessor-version":[{"id":8160,"href":"https:\/\/libera.ch\/fr\/wp-json\/wp\/v2\/pages\/5073\/revisions\/8160"}],"wp:attachment":[{"href":"https:\/\/libera.ch\/fr\/wp-json\/wp\/v2\/media?parent=5073"}],"curies":[{"name":"wp","href":"https:\/\/api.w.org\/{rel}","templated":true}]}}